{"id":593,"date":"2025-07-11T09:16:22","date_gmt":"2025-07-11T09:16:22","guid":{"rendered":"https:\/\/njmodels.com\/terms-and-conditions\/"},"modified":"2025-07-14T09:28:56","modified_gmt":"2025-07-14T09:28:56","slug":"terms-and-conditions","status":"publish","type":"page","link":"https:\/\/njmodels.com\/it\/terms-and-conditions\/","title":{"rendered":"Termini e condizioni"},"content":{"rendered":"<p><br \/><br \/><\/p>\n\n\n<!-- Plus Jakarta Sans Font -->\n<link href=\"https:\/\/fonts.googleapis.com\/css2?family=Plus+Jakarta+Sans:wght@400&#038;display=swap\" rel=\"stylesheet\">\n\n<div style=\"    font-family: 'Plus Jakarta Sans', sans-serif;    font-size: 14px;    line-height: 1.6;    color: #000;    background-color: #fff;    padding: 10px;    margin: 0 auto;\">\n  <h2 style=\"font-size: 20px; font-weight: 600; margin-bottom: 20px;\">Legal Information<\/h2>\n\n  <p><strong>Company name:<\/strong> Stars on Field S.r.l.<\/p>\n  <p><strong>VAT number:<\/strong> 07033030961<\/p>\n  <p><strong>Registered office:<\/strong> Via Paolo Lomazzo, 35 \u2013 20154 Milan (MI), Italy<\/p>\n  <p><strong>Business Register (REA) number:<\/strong> MI &#8211; 1930783<\/p>\n  <p><strong>Paid-up share capital:<\/strong> \u20ac 25,000<\/p>\n  <p><strong>Certified email (PEC):<\/strong> \n    <a href=\"mailto:starsonfield@legalmail.it\" style=\"color:#000; text-decoration: underline;\">starsonfield@legalmail.it<\/a>\n  <\/p>\n  <p><strong>Administrative contact:<\/strong> \n    <a href=\"mailto:amministrazione@starsonfield.it\" style=\"color:#000; text-decoration: underline;\">amministrazione@starsonfield.it<\/a>\n  <\/p>\n\n<\/div>\n\n\n\n\n<!-- This legal document was generated by Complianz Terms &amp; Conditions https:\/\/wordpress.org\/plugins\/complianz-terms-conditions -->\n<div id=\"cmplz-document\" class=\"cmplz-document cmplz-terms-conditions\"><p><i>I termini e le condizioni sono stati aggiornati l'ultima volta il Luglio 11, 2025<\/i><\/p><h2>1. Introduzione<\/h2><p>Questi Termini e Condizioni si applicano a questo sito web e alle transazioni relative ai nostri prodotti e servizi.&nbsp;Pu\u00f2 essere vincolato da ulteriori contratti relativi alla tua relazione con noi o a qualsiasi prodotto o servizio che ricevi da noi.&nbsp;Se qualsiasi disposizione dei contratti aggiuntivi \u00e8 in conflitto con qualsiasi disposizione di questi Termini, le disposizioni di questi contratti aggiuntivi controlleranno e prevarranno.<\/p><h2>2. Vincolo<\/h2><p>Registrandosi, accedendo o utilizzando in altro modo questo sito web, l'utente accetta di essere vincolato da questi Termini e condizioni di seguito riportati.&nbsp;Il semplice uso di questo sito web implica la conoscenza e l'accettazione di questi termini e condizioni.&nbsp;In alcuni casi particolari, possiamo anche chiederle di acconsentire esplicitamente.<\/p><h2>3. Comunicazione elettronica<\/h2><p>Utilizzando questo sito web o comunicando con noi per via elettronica, lei accetta e riconosce che possiamo comunicare con lei elettronicamente sul nostro sito web o inviandole un'e-mail, e accetta che tutti gli accordi, gli avvisi, le divulgazioni e le altre comunicazioni che le forniamo elettronicamente soddisfino qualsiasi requisito legale, incluso ma non limitato al requisito che tali comunicazioni debbano essere in forma scritta.<\/p><h2>4. Propriet\u00e0 intellettuale<\/h2><p>Noi o i nostri licenziatari possediamo e controlliamo tutti i diritti d'autore e gli altri diritti di propriet\u00e0 intellettuale del sito web e i dati, le informazioni e le altre risorse visualizzate o accessibili all'interno del sito web.<\/p><p class=\"cmplz-subtitle\">4.1 Tutti i diritti sono riservati<\/p><p>A meno che il contenuto specifico non imponga diversamente, all'utente non viene concessa una licenza o qualsiasi altro diritto in base a diritti d'autore, marchi, brevetti o altri diritti di propriet\u00e0 intellettuale.&nbsp;Ci\u00f2 significa che non potrete utilizzare, copiare, riprodurre, eseguire, mostrare, distribuire, incorporare in qualsiasi mezzo elettronico, alterare, decompilare, trasferire, scaricare, trasmettere, monetizzare, vendere o commercializzare qualsiasi risorsa di questo sito web in qualsiasi forma, senza il nostro previo permesso scritto, tranne e solo nella misura in cui sia diversamente stabilito in regolamenti di legge obbligatori (come il diritto di citazione).<\/p><h2>5. Propriet\u00e0 di terzi<\/h2><p>Il nostro sito web pu\u00f2 includere collegamenti ipertestuali o altri riferimenti a siti web di altre parti.&nbsp;Non controlliamo o rivediamo il contenuto dei siti web di altre parti che sono collegati a questo sito web.&nbsp;I prodotti o i servizi offerti da altri siti web sono soggetti ai Termini e Condizioni applicabili di queste terze parti.&nbsp;Le opinioni espresse o il materiale che appare su questi siti web non sono necessariamente condivise o approvate da noi.<\/p><p>Non saremo responsabili delle pratiche di privacy o del contenuto di questi siti.&nbsp;Lei sopporta tutti i rischi associati all'uso di questi siti web e di qualsiasi servizio di terzi collegato.&nbsp;Non accetteremo alcuna responsabilit\u00e0 per eventuali perdite o danni in qualsiasi modo, comunque causati, derivanti dalla vostra divulgazione a terzi di informazioni personali.<\/p><h2>6. Utilizzo responsabile<\/h2><p>Visitando il nostro sito web, l'utente accetta di utilizzarlo solo per gli scopi previsti e come consentito da queste Condizioni, da qualsiasi contratto aggiuntivo con noi, e dalle leggi e dai regolamenti applicabili, nonch\u00e9 dalle pratiche online generalmente accettate e dalle linee guida del settore.&nbsp;Non pu\u00f2 utilizzare il nostro sito web o i nostri servizi per utilizzare, pubblicare o distribuire qualsiasi materiale che consiste in (o \u00e8 collegato a) software per computer dannosi; utilizzare i dati raccolti dal nostro sito web per qualsiasi attivit\u00e0 di marketing diretto, o condurre qualsiasi attivit\u00e0 di raccolta dati sistematica o automatizzata su o in relazione al nostro sito web.<\/p><p>\u00c8 severamente vietato intraprendere qualsiasi attivit\u00e0 che causi, o possa causare, danni al sito web o che interferisca con le prestazioni, la disponibilit\u00e0 o l'accessibilit\u00e0 del sito web.<\/p><h2>7. Presentazione di idee<\/h2><p>Non presentare idee, invenzioni, opere d'autore o altre informazioni che possono essere considerate propriet\u00e0 intellettuale propria che vorresti presentarci, a meno che non abbiamo prima firmato un accordo sulla propriet\u00e0 intellettuale o un accordo di non divulgazione.&nbsp;Se ce lo riveli in assenza di tale accordo scritto, ci concedi una licenza mondiale, irrevocabile, non esclusiva, priva di royalty per utilizzare, riprodurre, memorizzare, adattare, pubblicare, tradurre e distribuire il tuo contenuto in qualsiasi media esistente o futuro.<\/p><h2>8. Cessazione dell&#039;uso<\/h2><p>Possiamo, a nostra sola discrezione, in qualsiasi momento modificare o interrompere l'accesso, temporaneamente o permanentemente, al sito web o a qualsiasi servizio su di esso.&nbsp;Lei accetta che non saremo responsabili nei Suoi confronti o nei confronti di terzi per qualsiasi modifica, sospensione o interruzione del Suo accesso o uso del sito web o di qualsiasi contenuto che Lei possa aver condiviso sul sito web.&nbsp;Non avr\u00e0 diritto ad alcun indennizzo o altro pagamento, anche se alcune caratteristiche, impostazioni, e\/o qualsiasi Contenuto che lei ha contribuito o su cui ha fatto affidamento, sono permanentemente persi.&nbsp;Non pu\u00f2 eludere o bypassare, o tentare di eludere o bypassare, qualsiasi misura di restrizione di accesso sul nostro sito web.<\/p><h2>9. Garanzie e responsabilit\u00e0<\/h2><p>Niente in questa sezione limiter\u00e0 o escluder\u00e0 qualsiasi garanzia implicita per legge che sarebbe illegale limitare o escludere.&nbsp;Questo sito web e tutti i contenuti del sito web sono forniti su una base \" cos\u00ec com'\u00e8 \" e \" come disponibile \" e possono includere imprecisioni o errori tipografici.&nbsp;Decliniamo espressamente tutte le garanzie di qualsiasi tipo, sia espresse che implicite, per quanto riguarda la disponibilit\u00e0, l'accuratezza o la completezza del Contenuto.&nbsp;Non garantiamo che:<\/p><p><ul>\n                    <li>questo sito web o i nostri contenuti soddisfino le vostre esigenze;<\/li>\n                    <li>questo sito web sar\u00e0 disponibile in modo ininterrotto, tempestivo, sicuro o senza errori<\/li>\n        <\/ul><\/p><p>Nulla di questo sito web costituisce o \u00e8 destinato a costituire una consulenza legale, finanziaria o medica di qualsiasi tipo.&nbsp;Se avete bisogno di consigli dovreste consultare un professionista appropriato.<\/p><p>Le seguenti disposizioni di questa sezione si applicheranno nella misura massima consentita dalla legge applicabile e non limiteranno o escluderanno la nostra responsabilit\u00e0 in relazione a qualsiasi questione che sarebbe illegale o illegale per noi limitare o escludere la nostra responsabilit\u00e0.&nbsp;In nessun caso saremo responsabili per qualsiasi danno diretto o indiretto (compresi i danni per la perdita di profitti o entrate, perdita o corruzione di dati, software o database, o perdita o danno alla propriet\u00e0 o ai dati) sostenuti da voi o da qualsiasi terza parte, derivanti dal vostro accesso o uso del nostro sito web.<\/p><p>Tranne nella misura in cui qualsiasi contratto aggiuntivo dichiara espressamente il contrario, la nostra massima responsabilit\u00e0 nei vostri confronti per tutti i danni derivanti da o relativi al sito web o a qualsiasi prodotto e servizio commercializzato o venduto attraverso il sito web, indipendentemente dalla forma di azione legale che impone la responsabilit\u00e0 (sia nel contratto, equit\u00e0, negligenza, condotta intenzionale, torto o altro) sar\u00e0 limitata a 250.&nbsp;Tale limite si applicher\u00e0 nel complesso a tutti i vostri reclami, azioni e cause di azione di ogni tipo e natura.<\/p><h2>10. Privacy<\/h2><p>Per accedere al nostro sito web e\/o ai nostri servizi, ti pu\u00f2 essere richiesto di fornire alcune informazioni su di te come parte del processo di registrazione.&nbsp;L'utente accetta che qualsiasi informazione fornita sia sempre accurata, corretta e aggiornata.<\/p><p>Abbiamo sviluppato una politica per affrontare qualsiasi preoccupazione sulla privacy che potresti avere.&nbsp;For more information, please see our <a href=\"\">Privacy Statement<\/a> e <a href=\"\">Cookie Policy<\/a>.<\/p><h2>11. Accessibilit\u00e0<\/h2><p>Ci impegniamo a rendere il contenuto che forniamo accessibile agli individui con disabilit\u00e0.&nbsp;Se hai una disabilit\u00e0 e non sei in grado di accedere a qualsiasi parte del nostro sito web a causa della tua disabilit\u00e0, ti chiediamo di darci una notifica includendo una descrizione dettagliata del problema che hai incontrato.&nbsp;Se il problema \u00e8 facilmente identificabile e risolvibile in conformit\u00e0 con gli strumenti e le tecniche informatiche standard del settore, lo risolveremo prontamente.<\/p><h2>12. Restrizioni all&#039;esportazione \/ Conformit\u00e0 legale<\/h2><p>L'accesso al sito web da territori o paesi in cui il Contenuto o l'acquisto di prodotti o Servizi venduti sul sito web \u00e8 illegale \u00e8 proibito.&nbsp;Non pu\u00f2 utilizzare questo sito web in violazione delle leggi e dei regolamenti sull'esportazione di Italia.<\/p><h2>13. Assegnazione<\/h2><p>Non pu\u00f2 assegnare, trasferire o subappaltare nessuno dei Suoi diritti e\/o obblighi ai sensi di questi Termini e condizioni, in tutto o in parte, a terzi senza il nostro previo consenso scritto.&nbsp;Qualsiasi presunta assegnazione in violazione di questa Sezione sar\u00e0 nulla.<\/p><h2>14. Violazioni di questi termini e condizioni<\/h2><p>Senza pregiudicare gli altri nostri diritti ai sensi di questi Termini e Condizioni, se l'utente viola questi Termini e Condizioni in qualsiasi modo, possiamo intraprendere le azioni che riteniamo appropriate per affrontare la violazione, compresa la sospensione temporanea o permanente del suo accesso al sito web, contattando il suo provider di servizi Internet per richiedere che blocchi il suo accesso al sito web, e\/o avviare un'azione legale contro l'utente.<\/p><h2>15. Forza maggiore<\/h2><p>Fatta eccezione per gli obblighi di pagare denaro, nessun ritardo, fallimento o omissione da parte di una delle parti di eseguire o osservare uno qualsiasi dei suoi obblighi ai sensi del presente documento sar\u00e0 considerato una violazione di questi Termini e condizioni se e per tutto il tempo in cui tale ritardo, fallimento o omissione deriva da qualsiasi causa al di fuori del ragionevole controllo di quella parte.<\/p><h2>16. Indennizzo<\/h2><p>Lei accetta di indennizzare, difendere e manlevare noi, da e contro qualsiasi reclamo, responsabilit\u00e0, danni, perdite e spese, relative alla sua violazione di questi termini e condizioni, e le leggi applicabili, compresi i diritti di propriet\u00e0 intellettuale e diritti di privacy.&nbsp;Ci rimborser\u00e0 prontamente per i nostri danni, perdite, costi e spese relativi a o derivanti da tali reclami.<\/p><h2>17. Rinuncia<\/h2><p>La mancata applicazione di una qualsiasi delle disposizioni stabilite in questi Termini e Condizioni e in qualsiasi Accordo, o il mancato esercizio di qualsiasi opzione di rescissione, non deve essere interpretata come una rinuncia a tali disposizioni e non pregiudica la validit\u00e0 di questi Termini e Condizioni o di qualsiasi Accordo o parte di esso, o il diritto successivo di applicare ogni singola disposizione.<\/p><h2>18. Lingua<\/h2><p>Questi Termini e Condizioni saranno interpretati e intesi esclusivamente in Inglese.&nbsp;Tutti gli avvisi e la corrispondenza saranno scritti esclusivamente in quella lingua.<\/p><h2>19. Accordo integrale<\/h2><p>These Terms and Conditions, together with our <a href=\"\">privacy statement<\/a> and <a href=\"\">cookie policy<\/a>, constitute the entire agreement between you and Stars on Field S.r.l. in relation to your use of this website.<\/p><h2>20. Aggiornamento di questi termini e condizioni<\/h2><p>Possiamo aggiornare questi Termini e Condizioni di volta in volta.&nbsp;La data indicata all'inizio di questi Termini e Condizioni \u00e8 l'ultima data di revisione.&nbsp;Vi daremo un avviso scritto di qualsiasi modifica o aggiornamento, e i Termini e Condizioni rivisti diventeranno effettivi dalla data in cui vi daremo tale avviso.&nbsp;L'uso continuato di questo sito web in seguito alla pubblicazione di modifiche o aggiornamenti sar\u00e0 considerato come una notifica della vostra accettazione di rispettare e di essere vincolati da questi Termini e Condizioni.&nbsp;Per richiedere una versione precedente di questi termini e condizioni, contattateci.<\/p><h2>21. Scelta della legge e della giurisdizione<\/h2><p>Questi Termini e Condizioni sono regolati dalle leggi di Italia.&nbsp;Qualsiasi controversia relativa ai presenti Termini e Condizioni sar\u00e0 soggetta alla giurisdizione dei tribunali di Italia.&nbsp;Se una qualsiasi parte o disposizione di questi Termini e Condizioni \u00e8 ritenuta da un tribunale o da un'altra autorit\u00e0 non valida e\/o inapplicabile ai sensi della legge applicabile, tale parte o disposizione sar\u00e0 modificata, eliminata e\/o applicata nella misura massima consentita in modo da dare effetto all'intento di questi Termini e Condizioni.&nbsp;Le altre disposizioni non saranno interessate.<\/p><h2>22. Informazioni di contatto<\/h2><p>Questo sito web \u00e8 di propriet\u00e0 e gestito da Stars on Field S.r.l..<\/p><p>Puoi contattarci in merito a questi Termini e Condizioni scrivendoci o inviandoci un'e-mail al seguente indirizzo: I&#078;FO&#064;&#078;&#074;M&#079;&#068;&#069;&#076;S.I&#084;<br>Via Paolo Lomazzo, 35 - Milano 20154<\/p><h2>23. Scarica<\/h2><p>You can also <a href=\"https:\/\/njmodels.com\/wp-content\/plugins\/complianz-terms-conditions\/download.php\">download<\/a> our Terms and Conditions as a PDF.<\/p><\/div>","protected":false},"excerpt":{"rendered":"<p>Legal Information Company name: Stars on Field S.r.l. VAT number: 07033030961 Registered office: Via Paolo Lomazzo, 35 \u2013 20154 Milan (MI), Italy Business Register (REA) number: MI &#8211; 1930783 Paid-up share capital: \u20ac 25,000 Certified email (PEC): starsonfield@legalmail.it Administrative contact: amministrazione@starsonfield.it<\/p>","protected":false},"author":1,"featured_media":0,"parent":0,"menu_order":0,"comment_status":"closed","ping_status":"closed","template":"","meta":{"footnotes":""},"class_list":["post-593","page","type-page","status-publish","hentry"],"aioseo_notices":[],"_links":{"self":[{"href":"https:\/\/njmodels.com\/it\/wp-json\/wp\/v2\/pages\/593","targetHints":{"allow":["GET"]}}],"collection":[{"href":"https:\/\/njmodels.com\/it\/wp-json\/wp\/v2\/pages"}],"about":[{"href":"https:\/\/njmodels.com\/it\/wp-json\/wp\/v2\/types\/page"}],"author":[{"embeddable":true,"href":"https:\/\/njmodels.com\/it\/wp-json\/wp\/v2\/users\/1"}],"replies":[{"embeddable":true,"href":"https:\/\/njmodels.com\/it\/wp-json\/wp\/v2\/comments?post=593"}],"version-history":[{"count":4,"href":"https:\/\/njmodels.com\/it\/wp-json\/wp\/v2\/pages\/593\/revisions"}],"predecessor-version":[{"id":660,"href":"https:\/\/njmodels.com\/it\/wp-json\/wp\/v2\/pages\/593\/revisions\/660"}],"wp:attachment":[{"href":"https:\/\/njmodels.com\/it\/wp-json\/wp\/v2\/media?parent=593"}],"curies":[{"name":"wp","href":"https:\/\/api.w.org\/{rel}","templated":true}]}}